{"id":893,"date":"2026-03-10T14:04:58","date_gmt":"2026-03-10T14:04:58","guid":{"rendered":"https:\/\/desolcosmeticos.pag.com.py\/?post_type=product&#038;p=893"},"modified":"2026-03-10T14:04:58","modified_gmt":"2026-03-10T14:04:58","slug":"mascara-de-pestanas-tropico-ruby-rose","status":"publish","type":"product","link":"https:\/\/desolcosmeticos.pag.com.py\/index.php\/producto\/mascara-de-pestanas-tropico-ruby-rose\/","title":{"rendered":"M\u00e1scara de pesta\u00f1as tr\u00f3pico! Ruby rose"},"content":{"rendered":"<p data-start=\"112\" data-end=\"158\">\ud83c\udf34\u2728 <strong data-start=\"116\" data-end=\"152\">Mirada tropical llena de volumen<\/strong> \u2728\ud83c\udf34<\/p>\n<p data-start=\"160\" data-end=\"449\">La <strong data-start=\"163\" data-end=\"207\">M\u00e1scara de Pesta\u00f1as Tr\u00f3pico de Ruby Rose<\/strong> est\u00e1 dise\u00f1ada para darle a tus pesta\u00f1as <strong data-start=\"248\" data-end=\"286\">m\u00e1s volumen, longitud y definici\u00f3n<\/strong>, resaltando tu mirada con un efecto intenso y duradero. Su cepillo aplicador distribuye el producto de forma uniforme, separando cada pesta\u00f1a sin formar grumos.<\/p>\n<p data-start=\"451\" data-end=\"695\">\ud83d\udc96 <strong data-start=\"454\" data-end=\"478\">Lo que te encantar\u00e1:<\/strong><br data-start=\"478\" data-end=\"481\" \/>\u2022 Volumen y alargamiento desde la primera pasada<br data-start=\"529\" data-end=\"532\" \/>\u2022 Cepillo que define y separa las pesta\u00f1as<br data-start=\"574\" data-end=\"577\" \/>\u2022 F\u00f3rmula ligera y c\u00f3moda<br data-start=\"602\" data-end=\"605\" \/>\u2022 Ideal para maquillaje diario o looks m\u00e1s intensos<br data-start=\"656\" data-end=\"659\" data-is-only-node=\"\" \/>\u2022 Mirada m\u00e1s expresiva y atractiva<\/p>\n<p data-start=\"697\" data-end=\"811\">\ud83d\udc41\ufe0f Dale a tus pesta\u00f1as el <strong data-start=\"724\" data-end=\"769\">toque tropical que tu maquillaje necesita<\/strong> y luce una mirada impactante todo el d\u00eda.<\/p>\n<p data-start=\"813\" data-end=\"860\">\ud83d\udecd\ufe0f <strong data-start=\"817\" data-end=\"860\">\u00a1Cons\u00edguela ahora y resalta tu belleza!<\/strong><\/p>\n","protected":false},"excerpt":{"rendered":"<p>\ud83c\udf34\u2728 Mirada tropical llena de volumen \u2728\ud83c\udf34 La M\u00e1scara de Pesta\u00f1as Tr\u00f3pico de Ruby Rose est\u00e1 dise\u00f1ada para darle a [&hellip;]<\/p>\n","protected":false},"featured_media":894,"template":"","meta":{"site-sidebar-layout":"default","site-content-layout":"","ast-site-content-layout":"default","site-content-style":"default","site-sidebar-style":"default","ast-global-header-display":"","ast-banner-title-visibility":"","ast-main-header-display":"","ast-hfb-above-header-display":"","ast-hfb-below-header-display":"","ast-hfb-mobile-header-display":"","site-post-title":"","ast-breadcrumbs-content":"","ast-featured-img":"","footer-sml-layout":"","theme-transparent-header-meta":"default","adv-header-id-meta":"","stick-header-meta":"","header-above-stick-meta":"","header-main-stick-meta":"","header-below-stick-meta":"","astra-migrate-meta-layouts":"set","ast-page-background-enabled":"default","ast-page-background-meta":{"desktop":{"background-color":"var(--ast-global-color-5)","background-image":"","background-repeat":"repeat","background-position":"center center","background-size":"auto","background-attachment":"scroll","background-type":"","background-media":"","overlay-type":"","overlay-color":"","overlay-opacity":"","overlay-gradient":""},"tablet":{"background-color":"","background-image":"","background-repeat":"repeat","background-position":"center center","background-size":"auto","background-attachment":"scroll","background-type":"","background-media":"","overlay-type":"","overlay-color":"","overlay-opacity":"","overlay-gradient":""},"mobile":{"background-color":"","background-image":"","background-repeat":"repeat","background-position":"center center","background-size":"auto","background-attachment":"scroll","background-type":"","background-media":"","overlay-type":"","overlay-color":"","overlay-opacity":"","overlay-gradient":""}},"ast-content-background-meta":{"desktop":{"background-color":"var(--ast-global-color-4)","background-image":"","background-repeat":"repeat","background-position":"center center","background-size":"auto","background-attachment":"scroll","background-type":"","background-media":"","overlay-type":"","overlay-color":"","overlay-opacity":"","overlay-gradient":""},"tablet":{"background-color":"var(--ast-global-color-4)","background-image":"","background-repeat":"repeat","background-position":"center center","background-size":"auto","background-attachment":"scroll","background-type":"","background-media":"","overlay-type":"","overlay-color":"","overlay-opacity":"","overlay-gradient":""},"mobile":{"background-color":"var(--ast-global-color-4)","background-image":"","background-repeat":"repeat","background-position":"center center","background-size":"auto","background-attachment":"scroll","background-type":"","background-media":"","overlay-type":"","overlay-color":"","overlay-opacity":"","overlay-gradient":""}}},"product_brand":[],"product_cat":[21,19],"product_tag":[],"class_list":{"0":"post-893","1":"product","2":"type-product","3":"status-publish","4":"has-post-thumbnail","6":"product_cat-maquillajes","7":"product_cat-productos","8":"desktop-align-left","9":"tablet-align-left","10":"mobile-align-left","12":"first","13":"instock","14":"shipping-taxable","15":"purchasable","16":"product-type-simple"},"_links":{"self":[{"href":"https:\/\/desolcosmeticos.pag.com.py\/index.php\/wp-json\/wp\/v2\/product\/893","targetHints":{"allow":["GET"]}}],"collection":[{"href":"https:\/\/desolcosmeticos.pag.com.py\/index.php\/wp-json\/wp\/v2\/product"}],"about":[{"href":"https:\/\/desolcosmeticos.pag.com.py\/index.php\/wp-json\/wp\/v2\/types\/product"}],"wp:featuredmedia":[{"embeddable":true,"href":"https:\/\/desolcosmeticos.pag.com.py\/index.php\/wp-json\/wp\/v2\/media\/894"}],"wp:attachment":[{"href":"https:\/\/desolcosmeticos.pag.com.py\/index.php\/wp-json\/wp\/v2\/media?parent=893"}],"wp:term":[{"taxonomy":"product_brand","embeddable":true,"href":"https:\/\/desolcosmeticos.pag.com.py\/index.php\/wp-json\/wp\/v2\/product_brand?post=893"},{"taxonomy":"product_cat","embeddable":true,"href":"https:\/\/desolcosmeticos.pag.com.py\/index.php\/wp-json\/wp\/v2\/product_cat?post=893"},{"taxonomy":"product_tag","embeddable":true,"href":"https:\/\/desolcosmeticos.pag.com.py\/index.php\/wp-json\/wp\/v2\/product_tag?post=893"}],"curies":[{"name":"wp","href":"https:\/\/api.w.org\/{rel}","templated":true}]}}