{"id":465,"date":"2025-06-17T12:04:57","date_gmt":"2025-06-17T12:04:57","guid":{"rendered":"https:\/\/desolcosmeticos.pag.com.py\/?post_type=product&#038;p=465"},"modified":"2025-06-17T12:04:57","modified_gmt":"2025-06-17T12:04:57","slug":"corrector-de-og","status":"publish","type":"product","link":"https:\/\/desolcosmeticos.pag.com.py\/index.php\/producto\/corrector-de-og\/","title":{"rendered":"Corrector de OG"},"content":{"rendered":"<p>&nbsp;<\/p>\n<p>\u2728 Corrector L\u00edquido OG \u2013 Cobertura impecable<\/p>\n<p>Corrige ojeras, imperfecciones y manchas con este corrector l\u00edquido de alta cobertura. Su f\u00f3rmula liviana se difumina f\u00e1cilmente y se adapta al tono de tu piel sin dejar efecto pesado.<\/p>\n<p>\ud83d\udc96 Acabado natural y uniforme<\/p>\n<p>\ud83e\uddf4 Textura fluida y f\u00e1cil de aplicar<\/p>\n<p>\ud83d\udd53 Larga duraci\u00f3n \u2013 ideal para todo el d\u00eda<\/p>\n<p>\u00a1Tu aliado perfecto para un maquillaje sin imperfecciones!<\/p>\n","protected":false},"excerpt":{"rendered":"<p>&nbsp; \u2728 Corrector L\u00edquido OG \u2013 Cobertura impecable Corrige ojeras, imperfecciones y manchas con este corrector l\u00edquido de alta cobertura. [&hellip;]<\/p>\n","protected":false},"featured_media":466,"template":"","meta":{"site-sidebar-layout":"default","site-content-layout":"","ast-site-content-layout":"default","site-content-style":"default","site-sidebar-style":"default","ast-global-header-display":"","ast-banner-title-visibility":"","ast-main-header-display":"","ast-hfb-above-header-display":"","ast-hfb-below-header-display":"","ast-hfb-mobile-header-display":"","site-post-title":"","ast-breadcrumbs-content":"","ast-featured-img":"","footer-sml-layout":"","theme-transparent-header-meta":"default","adv-header-id-meta":"","stick-header-meta":"","header-above-stick-meta":"","header-main-stick-meta":"","header-below-stick-meta":"","astra-migrate-meta-layouts":"set","ast-page-background-enabled":"default","ast-page-background-meta":{"desktop":{"background-color":"var(--ast-global-color-5)","background-image":"","background-repeat":"repeat","background-position":"center center","background-size":"auto","background-attachment":"scroll","background-type":"","background-media":"","overlay-type":"","overlay-color":"","overlay-opacity":"","overlay-gradient":""},"tablet":{"background-color":"","background-image":"","background-repeat":"repeat","background-position":"center center","background-size":"auto","background-attachment":"scroll","background-type":"","background-media":"","overlay-type":"","overlay-color":"","overlay-opacity":"","overlay-gradient":""},"mobile":{"background-color":"","background-image":"","background-repeat":"repeat","background-position":"center center","background-size":"auto","background-attachment":"scroll","background-type":"","background-media":"","overlay-type":"","overlay-color":"","overlay-opacity":"","overlay-gradient":""}},"ast-content-background-meta":{"desktop":{"background-color":"var(--ast-global-color-4)","background-image":"","background-repeat":"repeat","background-position":"center center","background-size":"auto","background-attachment":"scroll","background-type":"","background-media":"","overlay-type":"","overlay-color":"","overlay-opacity":"","overlay-gradient":""},"tablet":{"background-color":"var(--ast-global-color-4)","background-image":"","background-repeat":"repeat","background-position":"center center","background-size":"auto","background-attachment":"scroll","background-type":"","background-media":"","overlay-type":"","overlay-color":"","overlay-opacity":"","overlay-gradient":""},"mobile":{"background-color":"var(--ast-global-color-4)","background-image":"","background-repeat":"repeat","background-position":"center center","background-size":"auto","background-attachment":"scroll","background-type":"","background-media":"","overlay-type":"","overlay-color":"","overlay-opacity":"","overlay-gradient":""}}},"product_brand":[],"product_cat":[18,19],"product_tag":[],"class_list":{"0":"post-465","1":"product","2":"type-product","3":"status-publish","4":"has-post-thumbnail","6":"product_cat-cosmeticos","7":"product_cat-productos","8":"desktop-align-left","9":"tablet-align-left","10":"mobile-align-left","12":"first","13":"instock","14":"shipping-taxable","15":"purchasable","16":"product-type-simple"},"_links":{"self":[{"href":"https:\/\/desolcosmeticos.pag.com.py\/index.php\/wp-json\/wp\/v2\/product\/465","targetHints":{"allow":["GET"]}}],"collection":[{"href":"https:\/\/desolcosmeticos.pag.com.py\/index.php\/wp-json\/wp\/v2\/product"}],"about":[{"href":"https:\/\/desolcosmeticos.pag.com.py\/index.php\/wp-json\/wp\/v2\/types\/product"}],"wp:featuredmedia":[{"embeddable":true,"href":"https:\/\/desolcosmeticos.pag.com.py\/index.php\/wp-json\/wp\/v2\/media\/466"}],"wp:attachment":[{"href":"https:\/\/desolcosmeticos.pag.com.py\/index.php\/wp-json\/wp\/v2\/media?parent=465"}],"wp:term":[{"taxonomy":"product_brand","embeddable":true,"href":"https:\/\/desolcosmeticos.pag.com.py\/index.php\/wp-json\/wp\/v2\/product_brand?post=465"},{"taxonomy":"product_cat","embeddable":true,"href":"https:\/\/desolcosmeticos.pag.com.py\/index.php\/wp-json\/wp\/v2\/product_cat?post=465"},{"taxonomy":"product_tag","embeddable":true,"href":"https:\/\/desolcosmeticos.pag.com.py\/index.php\/wp-json\/wp\/v2\/product_tag?post=465"}],"curies":[{"name":"wp","href":"https:\/\/api.w.org\/{rel}","templated":true}]}}