{"id":330,"date":"2025-06-16T18:46:04","date_gmt":"2025-06-16T18:46:04","guid":{"rendered":"https:\/\/desolcosmeticos.pag.com.py\/?post_type=product&#038;p=330"},"modified":"2025-06-16T18:46:04","modified_gmt":"2025-06-16T18:46:04","slug":"acetona-liquida-pura-250ml","status":"publish","type":"product","link":"https:\/\/desolcosmeticos.pag.com.py\/index.php\/producto\/acetona-liquida-pura-250ml\/","title":{"rendered":"Acetona l\u00edquida pura (250ml)"},"content":{"rendered":"<p>&nbsp;<\/p>\n<p>\ud83d\udc85 Acetona L\u00edquida Pura \u2013 250\u202fml<\/p>\n<p>Remoci\u00f3n r\u00e1pida y eficaz al estilo profesional<\/p>\n<p>Esta acetona pura es ideal para retirar esmalte com\u00fan, semipermanente y restos de u\u00f1as acr\u00edlicas o gel. Su f\u00f3rmula potente act\u00faa r\u00e1pidamente sin necesidad de frotar en exceso.<\/p>\n<p>\ud83e\uddfd Disuelve esmaltes con facilidad<\/p>\n<p>\ud83d\udc85 Ideal para uso profesional y dom\u00e9stico<\/p>\n<p>\u2728 Acabado limpio sin residuos<\/p>\n<p>\ud83d\udce6 Presentaci\u00f3n pr\u00e1ctica de 250\u202fml<\/p>\n<p>\u00a1Un b\u00e1sico infaltable en tu rutina de manicura!<\/p>\n","protected":false},"excerpt":{"rendered":"<p>&nbsp; \ud83d\udc85 Acetona L\u00edquida Pura \u2013 250\u202fml Remoci\u00f3n r\u00e1pida y eficaz al estilo profesional Esta acetona pura es ideal para [&hellip;]<\/p>\n","protected":false},"featured_media":331,"template":"","meta":{"site-sidebar-layout":"default","site-content-layout":"","ast-site-content-layout":"default","site-content-style":"default","site-sidebar-style":"default","ast-global-header-display":"","ast-banner-title-visibility":"","ast-main-header-display":"","ast-hfb-above-header-display":"","ast-hfb-below-header-display":"","ast-hfb-mobile-header-display":"","site-post-title":"","ast-breadcrumbs-content":"","ast-featured-img":"","footer-sml-layout":"","theme-transparent-header-meta":"default","adv-header-id-meta":"","stick-header-meta":"","header-above-stick-meta":"","header-main-stick-meta":"","header-below-stick-meta":"","astra-migrate-meta-layouts":"set","ast-page-background-enabled":"default","ast-page-background-meta":{"desktop":{"background-color":"var(--ast-global-color-5)","background-image":"","background-repeat":"repeat","background-position":"center center","background-size":"auto","background-attachment":"scroll","background-type":"","background-media":"","overlay-type":"","overlay-color":"","overlay-opacity":"","overlay-gradient":""},"tablet":{"background-color":"","background-image":"","background-repeat":"repeat","background-position":"center center","background-size":"auto","background-attachment":"scroll","background-type":"","background-media":"","overlay-type":"","overlay-color":"","overlay-opacity":"","overlay-gradient":""},"mobile":{"background-color":"","background-image":"","background-repeat":"repeat","background-position":"center center","background-size":"auto","background-attachment":"scroll","background-type":"","background-media":"","overlay-type":"","overlay-color":"","overlay-opacity":"","overlay-gradient":""}},"ast-content-background-meta":{"desktop":{"background-color":"var(--ast-global-color-4)","background-image":"","background-repeat":"repeat","background-position":"center center","background-size":"auto","background-attachment":"scroll","background-type":"","background-media":"","overlay-type":"","overlay-color":"","overlay-opacity":"","overlay-gradient":""},"tablet":{"background-color":"var(--ast-global-color-4)","background-image":"","background-repeat":"repeat","background-position":"center center","background-size":"auto","background-attachment":"scroll","background-type":"","background-media":"","overlay-type":"","overlay-color":"","overlay-opacity":"","overlay-gradient":""},"mobile":{"background-color":"var(--ast-global-color-4)","background-image":"","background-repeat":"repeat","background-position":"center center","background-size":"auto","background-attachment":"scroll","background-type":"","background-media":"","overlay-type":"","overlay-color":"","overlay-opacity":"","overlay-gradient":""}}},"product_brand":[],"product_cat":[18,19],"product_tag":[],"class_list":{"0":"post-330","1":"product","2":"type-product","3":"status-publish","4":"has-post-thumbnail","6":"product_cat-cosmeticos","7":"product_cat-productos","8":"desktop-align-left","9":"tablet-align-left","10":"mobile-align-left","12":"first","13":"instock","14":"shipping-taxable","15":"purchasable","16":"product-type-simple"},"_links":{"self":[{"href":"https:\/\/desolcosmeticos.pag.com.py\/index.php\/wp-json\/wp\/v2\/product\/330","targetHints":{"allow":["GET"]}}],"collection":[{"href":"https:\/\/desolcosmeticos.pag.com.py\/index.php\/wp-json\/wp\/v2\/product"}],"about":[{"href":"https:\/\/desolcosmeticos.pag.com.py\/index.php\/wp-json\/wp\/v2\/types\/product"}],"wp:featuredmedia":[{"embeddable":true,"href":"https:\/\/desolcosmeticos.pag.com.py\/index.php\/wp-json\/wp\/v2\/media\/331"}],"wp:attachment":[{"href":"https:\/\/desolcosmeticos.pag.com.py\/index.php\/wp-json\/wp\/v2\/media?parent=330"}],"wp:term":[{"taxonomy":"product_brand","embeddable":true,"href":"https:\/\/desolcosmeticos.pag.com.py\/index.php\/wp-json\/wp\/v2\/product_brand?post=330"},{"taxonomy":"product_cat","embeddable":true,"href":"https:\/\/desolcosmeticos.pag.com.py\/index.php\/wp-json\/wp\/v2\/product_cat?post=330"},{"taxonomy":"product_tag","embeddable":true,"href":"https:\/\/desolcosmeticos.pag.com.py\/index.php\/wp-json\/wp\/v2\/product_tag?post=330"}],"curies":[{"name":"wp","href":"https:\/\/api.w.org\/{rel}","templated":true}]}}