{"id":284,"date":"2025-06-16T15:05:41","date_gmt":"2025-06-16T15:05:41","guid":{"rendered":"https:\/\/desolcosmeticos.pag.com.py\/?post_type=product&#038;p=284"},"modified":"2025-06-16T15:05:41","modified_gmt":"2025-06-16T15:05:41","slug":"lip-stick-lip-liner-dhermosa-dos-en-uno","status":"publish","type":"product","link":"https:\/\/desolcosmeticos.pag.com.py\/index.php\/producto\/lip-stick-lip-liner-dhermosa-dos-en-uno\/","title":{"rendered":"Lip stick lip liner D\u2019hermosa Dos en uno"},"content":{"rendered":"<p>&nbsp;<\/p>\n<p>\ud83d\udc8b Lipstick &amp; Lip Liner 2 en 1 \u2013 D\u2019Hermosa<\/p>\n<p>\u00a1Defin\u00ed y rellen\u00e1 con un solo producto! Este d\u00fao perfecto combina delineador y labial en un formato pr\u00e1ctico y elegante. Colores intensos, textura suave y larga duraci\u00f3n para unos labios irresistibles todo el d\u00eda.<\/p>\n<p>\u2728 Ideal para llevar en tu cartera y realzar tu belleza en segundos.<\/p>\n<p>&nbsp;<\/p>\n","protected":false},"excerpt":{"rendered":"<p>&nbsp; \ud83d\udc8b Lipstick &amp; Lip Liner 2 en 1 \u2013 D\u2019Hermosa \u00a1Defin\u00ed y rellen\u00e1 con un solo producto! Este d\u00fao [&hellip;]<\/p>\n","protected":false},"featured_media":285,"template":"","meta":{"site-sidebar-layout":"default","site-content-layout":"","ast-site-content-layout":"default","site-content-style":"default","site-sidebar-style":"default","ast-global-header-display":"","ast-banner-title-visibility":"","ast-main-header-display":"","ast-hfb-above-header-display":"","ast-hfb-below-header-display":"","ast-hfb-mobile-header-display":"","site-post-title":"","ast-breadcrumbs-content":"","ast-featured-img":"","footer-sml-layout":"","theme-transparent-header-meta":"default","adv-header-id-meta":"","stick-header-meta":"","header-above-stick-meta":"","header-main-stick-meta":"","header-below-stick-meta":"","astra-migrate-meta-layouts":"set","ast-page-background-enabled":"default","ast-page-background-meta":{"desktop":{"background-color":"var(--ast-global-color-5)","background-image":"","background-repeat":"repeat","background-position":"center center","background-size":"auto","background-attachment":"scroll","background-type":"","background-media":"","overlay-type":"","overlay-color":"","overlay-opacity":"","overlay-gradient":""},"tablet":{"background-color":"","background-image":"","background-repeat":"repeat","background-position":"center center","background-size":"auto","background-attachment":"scroll","background-type":"","background-media":"","overlay-type":"","overlay-color":"","overlay-opacity":"","overlay-gradient":""},"mobile":{"background-color":"","background-image":"","background-repeat":"repeat","background-position":"center center","background-size":"auto","background-attachment":"scroll","background-type":"","background-media":"","overlay-type":"","overlay-color":"","overlay-opacity":"","overlay-gradient":""}},"ast-content-background-meta":{"desktop":{"background-color":"var(--ast-global-color-4)","background-image":"","background-repeat":"repeat","background-position":"center center","background-size":"auto","background-attachment":"scroll","background-type":"","background-media":"","overlay-type":"","overlay-color":"","overlay-opacity":"","overlay-gradient":""},"tablet":{"background-color":"var(--ast-global-color-4)","background-image":"","background-repeat":"repeat","background-position":"center center","background-size":"auto","background-attachment":"scroll","background-type":"","background-media":"","overlay-type":"","overlay-color":"","overlay-opacity":"","overlay-gradient":""},"mobile":{"background-color":"var(--ast-global-color-4)","background-image":"","background-repeat":"repeat","background-position":"center center","background-size":"auto","background-attachment":"scroll","background-type":"","background-media":"","overlay-type":"","overlay-color":"","overlay-opacity":"","overlay-gradient":""}}},"product_brand":[],"product_cat":[18,19],"product_tag":[],"class_list":{"0":"post-284","1":"product","2":"type-product","3":"status-publish","4":"has-post-thumbnail","6":"product_cat-cosmeticos","7":"product_cat-productos","8":"desktop-align-left","9":"tablet-align-left","10":"mobile-align-left","12":"first","13":"instock","14":"shipping-taxable","15":"purchasable","16":"product-type-simple"},"_links":{"self":[{"href":"https:\/\/desolcosmeticos.pag.com.py\/index.php\/wp-json\/wp\/v2\/product\/284","targetHints":{"allow":["GET"]}}],"collection":[{"href":"https:\/\/desolcosmeticos.pag.com.py\/index.php\/wp-json\/wp\/v2\/product"}],"about":[{"href":"https:\/\/desolcosmeticos.pag.com.py\/index.php\/wp-json\/wp\/v2\/types\/product"}],"wp:featuredmedia":[{"embeddable":true,"href":"https:\/\/desolcosmeticos.pag.com.py\/index.php\/wp-json\/wp\/v2\/media\/285"}],"wp:attachment":[{"href":"https:\/\/desolcosmeticos.pag.com.py\/index.php\/wp-json\/wp\/v2\/media?parent=284"}],"wp:term":[{"taxonomy":"product_brand","embeddable":true,"href":"https:\/\/desolcosmeticos.pag.com.py\/index.php\/wp-json\/wp\/v2\/product_brand?post=284"},{"taxonomy":"product_cat","embeddable":true,"href":"https:\/\/desolcosmeticos.pag.com.py\/index.php\/wp-json\/wp\/v2\/product_cat?post=284"},{"taxonomy":"product_tag","embeddable":true,"href":"https:\/\/desolcosmeticos.pag.com.py\/index.php\/wp-json\/wp\/v2\/product_tag?post=284"}],"curies":[{"name":"wp","href":"https:\/\/api.w.org\/{rel}","templated":true}]}}