{"id":1010,"date":"2026-03-11T11:43:26","date_gmt":"2026-03-11T11:43:26","guid":{"rendered":"https:\/\/desolcosmeticos.pag.com.py\/?post_type=product&#038;p=1010"},"modified":"2026-03-11T11:43:26","modified_gmt":"2026-03-11T11:43:26","slug":"fijador-de-maquillaje-dhermosa","status":"publish","type":"product","link":"https:\/\/desolcosmeticos.pag.com.py\/index.php\/producto\/fijador-de-maquillaje-dhermosa\/","title":{"rendered":"Fijador de maquillaje  D\u2019Hermosa"},"content":{"rendered":"<p>Fijador de Maquillaje D\u2019Hermosa<br \/>\nMant\u00e9n tu maquillaje impecable por m\u00e1s tiempo con el Fijador de Maquillaje D\u2019Hermosa. Su f\u00f3rmula ligera ayuda a sellar el maquillaje, prolongando su duraci\u00f3n y dejando un acabado fresco y natural. Ideal para usar al final de tu rutina y mantener tu look intacto durante el d\u00eda. \u2728<\/p>\n","protected":false},"excerpt":{"rendered":"<p>Fijador de Maquillaje D\u2019Hermosa Mant\u00e9n tu maquillaje impecable por m\u00e1s tiempo con el Fijador de Maquillaje D\u2019Hermosa. Su f\u00f3rmula ligera [&hellip;]<\/p>\n","protected":false},"featured_media":1011,"template":"","meta":{"site-sidebar-layout":"default","site-content-layout":"","ast-site-content-layout":"default","site-content-style":"default","site-sidebar-style":"default","ast-global-header-display":"","ast-banner-title-visibility":"","ast-main-header-display":"","ast-hfb-above-header-display":"","ast-hfb-below-header-display":"","ast-hfb-mobile-header-display":"","site-post-title":"","ast-breadcrumbs-content":"","ast-featured-img":"","footer-sml-layout":"","theme-transparent-header-meta":"default","adv-header-id-meta":"","stick-header-meta":"","header-above-stick-meta":"","header-main-stick-meta":"","header-below-stick-meta":"","astra-migrate-meta-layouts":"set","ast-page-background-enabled":"default","ast-page-background-meta":{"desktop":{"background-color":"var(--ast-global-color-5)","background-image":"","background-repeat":"repeat","background-position":"center center","background-size":"auto","background-attachment":"scroll","background-type":"","background-media":"","overlay-type":"","overlay-color":"","overlay-opacity":"","overlay-gradient":""},"tablet":{"background-color":"","background-image":"","background-repeat":"repeat","background-position":"center center","background-size":"auto","background-attachment":"scroll","background-type":"","background-media":"","overlay-type":"","overlay-color":"","overlay-opacity":"","overlay-gradient":""},"mobile":{"background-color":"","background-image":"","background-repeat":"repeat","background-position":"center center","background-size":"auto","background-attachment":"scroll","background-type":"","background-media":"","overlay-type":"","overlay-color":"","overlay-opacity":"","overlay-gradient":""}},"ast-content-background-meta":{"desktop":{"background-color":"var(--ast-global-color-4)","background-image":"","background-repeat":"repeat","background-position":"center center","background-size":"auto","background-attachment":"scroll","background-type":"","background-media":"","overlay-type":"","overlay-color":"","overlay-opacity":"","overlay-gradient":""},"tablet":{"background-color":"var(--ast-global-color-4)","background-image":"","background-repeat":"repeat","background-position":"center center","background-size":"auto","background-attachment":"scroll","background-type":"","background-media":"","overlay-type":"","overlay-color":"","overlay-opacity":"","overlay-gradient":""},"mobile":{"background-color":"var(--ast-global-color-4)","background-image":"","background-repeat":"repeat","background-position":"center center","background-size":"auto","background-attachment":"scroll","background-type":"","background-media":"","overlay-type":"","overlay-color":"","overlay-opacity":"","overlay-gradient":""}}},"product_brand":[],"product_cat":[18,21],"product_tag":[],"class_list":{"0":"post-1010","1":"product","2":"type-product","3":"status-publish","4":"has-post-thumbnail","6":"product_cat-cosmeticos","7":"product_cat-maquillajes","8":"desktop-align-left","9":"tablet-align-left","10":"mobile-align-left","12":"first","13":"instock","14":"shipping-taxable","15":"purchasable","16":"product-type-simple"},"_links":{"self":[{"href":"https:\/\/desolcosmeticos.pag.com.py\/index.php\/wp-json\/wp\/v2\/product\/1010","targetHints":{"allow":["GET"]}}],"collection":[{"href":"https:\/\/desolcosmeticos.pag.com.py\/index.php\/wp-json\/wp\/v2\/product"}],"about":[{"href":"https:\/\/desolcosmeticos.pag.com.py\/index.php\/wp-json\/wp\/v2\/types\/product"}],"wp:featuredmedia":[{"embeddable":true,"href":"https:\/\/desolcosmeticos.pag.com.py\/index.php\/wp-json\/wp\/v2\/media\/1011"}],"wp:attachment":[{"href":"https:\/\/desolcosmeticos.pag.com.py\/index.php\/wp-json\/wp\/v2\/media?parent=1010"}],"wp:term":[{"taxonomy":"product_brand","embeddable":true,"href":"https:\/\/desolcosmeticos.pag.com.py\/index.php\/wp-json\/wp\/v2\/product_brand?post=1010"},{"taxonomy":"product_cat","embeddable":true,"href":"https:\/\/desolcosmeticos.pag.com.py\/index.php\/wp-json\/wp\/v2\/product_cat?post=1010"},{"taxonomy":"product_tag","embeddable":true,"href":"https:\/\/desolcosmeticos.pag.com.py\/index.php\/wp-json\/wp\/v2\/product_tag?post=1010"}],"curies":[{"name":"wp","href":"https:\/\/api.w.org\/{rel}","templated":true}]}}